{"id":28539,"date":"2026-03-06T19:51:11","date_gmt":"2026-03-06T19:51:11","guid":{"rendered":"https:\/\/www.climatisationsolutionair.com\/produit\/elios-ebc-20\/"},"modified":"2026-03-06T19:51:11","modified_gmt":"2026-03-06T19:51:11","slug":"elios-ebc-20","status":"publish","type":"product","link":"https:\/\/www.climatisationsolutionair.com\/en\/produit\/elios-ebc-20\/","title":{"rendered":"Elios EBC -20"},"content":{"rendered":"<h2 data-start=\"0\" data-end=\"35\">Elios EBC -20 Wall-Mounted Heat Pump<\/h2>\n<p data-start=\"37\" data-end=\"413\">The Elios EBC -20 wall-mounted heat pump is designed to provide efficient heating down to -20\u00b0C.  It is suitable for residential installations requiring a reliable heating and cooling solution. Each capacity has specific indoor and outdoor models as well as, for the majority, AHRI certification and grant eligibility.  <\/p>\n<h2 data-start=\"420\" data-end=\"450\">Specifications by capacity<\/h2>\n<h3 data-start=\"452\" data-end=\"465\"><strong>9,000 BTU<\/strong><\/h3>\n<p data-start=\"466\" data-end=\"798\">Exterior model: ESHBA09C2AN1<br data-start=\"497\" data-end=\"500\">Interior model: EWHBA09C2AN1<br data-start=\"531\" data-end=\"534\">Operating temperature: -20 \u00b0C<br data-start=\"572\" data-end=\"575\">Power supply: 208-230 V<br data-start=\"610\" data-end=\"613\">AHRI Number: 216046607<br data-start=\"636\" data-end=\"639\">Eligible Grant: $330<br data-start=\"668\" data-end=\"671\">Installation sale price : $3,995<br data-start=\"704\" data-end=\"707\">Replacement retail price: $3,695<br data-start=\"740\" data-end=\"743\">10-year extended warranty for parts and compressor: $250<\/p>\n<h3 data-start=\"805\" data-end=\"825\"><strong>12,000 BTU 115V<\/strong><\/h3>\n<p data-start=\"826\" data-end=\"1096\">Exterior model: ESHBA12C1AN1<br data-start=\"857\" data-end=\"860\">Interior model: EWHBA12C1AN1<br data-start=\"891\" data-end=\"894\">Operating temperature: -20 \u00b0C<br data-start=\"932\" data-end=\"935\">Power supply: 115 V<br data-start=\"966\" data-end=\"969\">Installation sale price : $3,995<br data-start=\"1002\" data-end=\"1005\">Replacement retail price: $3,695<br data-start=\"1038\" data-end=\"1041\">10-year extended warranty for parts and compressor: $250<\/p>\n<h3 data-start=\"1103\" data-end=\"1127\"><strong>12,000 BTU 208-230 V<\/strong><\/h3>\n<p data-start=\"1128\" data-end=\"1460\">Exterior model: ESHBA12C2AN1<br data-start=\"1159\" data-end=\"1162\">Interior model: EWHBA12C2AN1<br data-start=\"1193\" data-end=\"1196\">Operating temperature: -20 \u00b0C<br data-start=\"1234\" data-end=\"1237\">Power supply: 208-230 V<br data-start=\"1272\" data-end=\"1275\">AHRI Number: 216046608<br data-start=\"1298\" data-end=\"1301\">Eligible Grant: $415<br data-start=\"1330\" data-end=\"1333\">Installation sale price : $3,995<br data-start=\"1366\" data-end=\"1369\">Replacement retail price: $3,695<br data-start=\"1402\" data-end=\"1405\">10-year extended warranty for parts and compressor: $250<\/p>\n<h3 data-start=\"1467\" data-end=\"1481\"><strong>18,000 BTUs<\/strong><\/h3>\n<p data-start=\"1482\" data-end=\"1814\">Exterior model: ESHBA18C2AN1<br data-start=\"1513\" data-end=\"1516\">Interior model: EWHBA18C2AN1<br data-start=\"1547\" data-end=\"1550\">Operating temperature: -20 \u00b0C<br data-start=\"1588\" data-end=\"1591\">Power supply: 208-230 V<br data-start=\"1626\" data-end=\"1629\">AHRI Number: 216046609<br data-start=\"1652\" data-end=\"1655\">Eligible Grant: $585<br data-start=\"1684\" data-end=\"1687\">Installation sale price : $4,595<br data-start=\"1720\" data-end=\"1723\">Replacement Sale Price : $4,295<br data-start=\"1756\" data-end=\"1759\">10-year extended warranty on parts and compressor: $275<\/p>\n<h3 data-start=\"1821\" data-end=\"1835\"><strong>24,000 BTUs<\/strong><\/h3>\n<p data-start=\"1836\" data-end=\"2168\">Exterior model: ESHBA24C2AN1<br data-start=\"1867\" data-end=\"1870\">Interior model: EWHBA24C2AN1<br data-start=\"1901\" data-end=\"1904\">Operating temperature: -20 \u00b0C<br data-start=\"1942\" data-end=\"1945\">Power supply: 208-230 V<br data-start=\"1980\" data-end=\"1983\">AHRI Number: 216046610<br data-start=\"2006\" data-end=\"2009\">Eligible Grant: $860<br data-start=\"2038\" data-end=\"2041\">Installation sale price : $5,195<br data-start=\"2074\" data-end=\"2077\">Replacement Sale Price: $4,895<br data-start=\"2110\" data-end=\"2113\">10-year extended warranty on parts and compressor: $300<\/p>\n<h3 data-start=\"2175\" data-end=\"2189\"><strong>30,000 BTUs<\/strong><\/h3>\n<p data-start=\"2190\" data-end=\"2524\">Exterior model: ESHBA30C2AN1<br data-start=\"2221\" data-end=\"2224\">Interior model: EWHBA30C2AS1<br data-start=\"2255\" data-end=\"2258\">Operating temperature: -20 \u00b0C<br data-start=\"2296\" data-end=\"2299\">Power supply: 208-230 V<br data-start=\"2334\" data-end=\"2337\">AHRI Number: 216046611<br data-start=\"2360\" data-end=\"2363\">Eligible Grant: $1,000<br data-start=\"2394\" data-end=\"2397\">Installation sale price : $6,295<br data-start=\"2430\" data-end=\"2433\">Replacement Sale Price: $5,995<br data-start=\"2466\" data-end=\"2469\">10-year extended warranty on parts and compressor: $325<\/p>\n<h3 data-start=\"2531\" data-end=\"2545\"><strong>36,000 BTUs<\/strong><\/h3>\n<p data-start=\"2546\" data-end=\"2880\">Exterior model: ESHBA36C2AN1<br data-start=\"2577\" data-end=\"2580\">Interior model: EWHBA36C2AS1<br data-start=\"2611\" data-end=\"2614\">Operating temperature: -20 \u00b0C<br data-start=\"2652\" data-end=\"2655\">Power supply: 208-230 V<br data-start=\"2690\" data-end=\"2693\">AHRI Number: 216046612<br data-start=\"2716\" data-end=\"2719\">Eligible Grant: $1,280<br data-start=\"2750\" data-end=\"2753\">Installation sale price : $6,395<br data-start=\"2786\" data-end=\"2789\">Replacement Sale Price : $6,095<br data-start=\"2822\" data-end=\"2825\">10-year extended warranty for parts and compressor: $350<\/p>\n<h2 data-start=\"2887\" data-end=\"2898\">Guarantee<\/h2>\n<p data-start=\"2900\" data-end=\"2970\">Standard Warranty:<br data-start=\"2919\" data-end=\"2922\">1 year on parts<br data-start=\"2941\" data-end=\"2944\">5 years on the compressor<\/p>\n<p data-start=\"2972\" data-end=\"3035\">Available option:<br data-start=\"2991\" data-end=\"2994\">10 years on parts and compressor<\/p>\n","protected":false},"excerpt":{"rendered":"<p>High-efficiency wall-mounted heat pump designed for extremely cold climates down to -20\u00b0C.  Available from 9,000 to 36,000 BTUs. <\/p>\n","protected":false},"featured_media":28545,"comment_status":"open","ping_status":"closed","template":"","meta":{"_et_pb_use_builder":"","_et_pb_old_content":"","_et_gb_content_width":"","om_disable_all_campaigns":false,"_monsterinsights_skip_tracking":false,"_monsterinsights_sitenote_active":false,"_monsterinsights_sitenote_note":"","_monsterinsights_sitenote_category":0},"product_brand":[74],"product_cat":[110,109],"product_tag":[],"class_list":{"0":"post-28539","1":"product","2":"type-product","3":"status-publish","4":"has-post-thumbnail","6":"product_brand-elios","7":"product_cat-thermopompes-20c","8":"product_cat-thermopompes-murales","10":"first","11":"instock","12":"taxable","13":"shipping-taxable","14":"product-type-variable"},"yoast_head":"<!-- This site is optimized with the Yoast SEO plugin v27.4 - https:\/\/yoast.com\/product\/yoast-seo-wordpress\/ -->\n<title>Elios EBC -20 - Climatisation Solutionair<\/title>\n<meta name=\"description\" content=\"High-efficiency wall-mounted heat pump designed for extremely cold climates down to -20\u00b0C. Available from 9,000 to 36,000 BTUs.\" \/>\n<meta name=\"robots\" content=\"index, follow, max-snippet:-1, max-image-preview:large, max-video-preview:-1\" \/>\n<link rel=\"canonical\" href=\"https:\/\/www.climatisationsolutionair.com\/en\/produit\/elios-ebc-20\/\" \/>\n<meta property=\"og:locale\" content=\"en_US\" \/>\n<meta property=\"og:type\" content=\"article\" \/>\n<meta property=\"og:title\" content=\"Elios EBC -20 - Climatisation Solutionair\" \/>\n<meta property=\"og:description\" content=\"High-efficiency wall-mounted heat pump designed for extremely cold climates down to -20\u00b0C. Available from 9,000 to 36,000 BTUs.\" \/>\n<meta property=\"og:url\" content=\"https:\/\/www.climatisationsolutionair.com\/en\/produit\/elios-ebc-20\/\" \/>\n<meta property=\"og:site_name\" content=\"Climatisation Solutionair\" \/>\n<meta property=\"article:publisher\" content=\"https:\/\/www.facebook.com\/ClimatisationMontreal\/\" \/>\n<meta property=\"og:image\" content=\"https:\/\/www.climatisationsolutionair.com\/wp-content\/uploads\/2026\/02\/Thermopompe-murale-Elios-EBC.png\" \/>\n\t<meta property=\"og:image:width\" content=\"502\" \/>\n\t<meta property=\"og:image:height\" content=\"521\" \/>\n\t<meta property=\"og:image:type\" content=\"image\/png\" \/>\n<meta name=\"twitter:card\" content=\"summary_large_image\" \/>\n<meta name=\"twitter:label1\" content=\"Est. reading time\" \/>\n\t<meta name=\"twitter:data1\" content=\"2 minutes\" \/>\n<script type=\"application\/ld+json\" class=\"yoast-schema-graph\">{\"@context\":\"https:\\\/\\\/schema.org\",\"@graph\":[{\"@type\":\"WebPage\",\"@id\":\"https:\\\/\\\/www.climatisationsolutionair.com\\\/en\\\/produit\\\/elios-ebc-20\\\/\",\"url\":\"https:\\\/\\\/www.climatisationsolutionair.com\\\/en\\\/produit\\\/elios-ebc-20\\\/\",\"name\":\"Elios EBC -20 - Climatisation Solutionair\",\"isPartOf\":{\"@id\":\"https:\\\/\\\/www.climatisationsolutionair.com\\\/en\\\/#website\"},\"primaryImageOfPage\":{\"@id\":\"https:\\\/\\\/www.climatisationsolutionair.com\\\/en\\\/produit\\\/elios-ebc-20\\\/#primaryimage\"},\"image\":{\"@id\":\"https:\\\/\\\/www.climatisationsolutionair.com\\\/en\\\/produit\\\/elios-ebc-20\\\/#primaryimage\"},\"thumbnailUrl\":\"https:\\\/\\\/www.climatisationsolutionair.com\\\/wp-content\\\/uploads\\\/2026\\\/02\\\/Thermopompe-murale-Elios-EBC.png\",\"datePublished\":\"2026-03-06T19:51:11+00:00\",\"description\":\"High-efficiency wall-mounted heat pump designed for extremely cold climates down to -20\u00b0C. Available from 9,000 to 36,000 BTUs.\",\"breadcrumb\":{\"@id\":\"https:\\\/\\\/www.climatisationsolutionair.com\\\/en\\\/produit\\\/elios-ebc-20\\\/#breadcrumb\"},\"inLanguage\":\"en-CA\",\"potentialAction\":[{\"@type\":\"ReadAction\",\"target\":[\"https:\\\/\\\/www.climatisationsolutionair.com\\\/en\\\/produit\\\/elios-ebc-20\\\/\"]}]},{\"@type\":\"ImageObject\",\"inLanguage\":\"en-CA\",\"@id\":\"https:\\\/\\\/www.climatisationsolutionair.com\\\/en\\\/produit\\\/elios-ebc-20\\\/#primaryimage\",\"url\":\"https:\\\/\\\/www.climatisationsolutionair.com\\\/wp-content\\\/uploads\\\/2026\\\/02\\\/Thermopompe-murale-Elios-EBC.png\",\"contentUrl\":\"https:\\\/\\\/www.climatisationsolutionair.com\\\/wp-content\\\/uploads\\\/2026\\\/02\\\/Thermopompe-murale-Elios-EBC.png\",\"width\":502,\"height\":521,\"caption\":\"Thermopompe murale elios EBC unit\u00e9 int\u00e9rieur et ext\u00e9rieur\"},{\"@type\":\"BreadcrumbList\",\"@id\":\"https:\\\/\\\/www.climatisationsolutionair.com\\\/en\\\/produit\\\/elios-ebc-20\\\/#breadcrumb\",\"itemListElement\":[{\"@type\":\"ListItem\",\"position\":1,\"name\":\"Accueil\",\"item\":\"https:\\\/\\\/www.climatisationsolutionair.com\\\/en\\\/welcome\\\/\"},{\"@type\":\"ListItem\",\"position\":2,\"name\":\"Boutique\",\"item\":\"https:\\\/\\\/www.climatisationsolutionair.com\\\/boutique\\\/\"},{\"@type\":\"ListItem\",\"position\":3,\"name\":\"Elios EBC -20\"}]},{\"@type\":\"WebSite\",\"@id\":\"https:\\\/\\\/www.climatisationsolutionair.com\\\/en\\\/#website\",\"url\":\"https:\\\/\\\/www.climatisationsolutionair.com\\\/en\\\/\",\"name\":\"Climatisation Solutionair\",\"description\":\"Installation, R\u00e9paration Climatisation &amp; thermopompes.\",\"publisher\":{\"@id\":\"https:\\\/\\\/www.climatisationsolutionair.com\\\/en\\\/#organization\"},\"alternateName\":\"Installation & r\u00e9paration Climatisation & Thermopompes\",\"potentialAction\":[{\"@type\":\"SearchAction\",\"target\":{\"@type\":\"EntryPoint\",\"urlTemplate\":\"https:\\\/\\\/www.climatisationsolutionair.com\\\/en\\\/?s={search_term_string}\"},\"query-input\":{\"@type\":\"PropertyValueSpecification\",\"valueRequired\":true,\"valueName\":\"search_term_string\"}}],\"inLanguage\":\"en-CA\"},{\"@type\":\"Organization\",\"@id\":\"https:\\\/\\\/www.climatisationsolutionair.com\\\/en\\\/#organization\",\"name\":\"Climatisation SolutionAir\",\"alternateName\":\"Installation & r\u00e9paration Climatisation & Thermopompes\",\"url\":\"https:\\\/\\\/www.climatisationsolutionair.com\\\/en\\\/\",\"logo\":{\"@type\":\"ImageObject\",\"inLanguage\":\"en-CA\",\"@id\":\"https:\\\/\\\/www.climatisationsolutionair.com\\\/en\\\/#\\\/schema\\\/logo\\\/image\\\/\",\"url\":\"https:\\\/\\\/www.climatisationsolutionair.com\\\/wp-content\\\/uploads\\\/2020\\\/03\\\/logo_climatisation_solution-1.png\",\"contentUrl\":\"https:\\\/\\\/www.climatisationsolutionair.com\\\/wp-content\\\/uploads\\\/2020\\\/03\\\/logo_climatisation_solution-1.png\",\"width\":340,\"height\":80,\"caption\":\"Climatisation SolutionAir\"},\"image\":{\"@id\":\"https:\\\/\\\/www.climatisationsolutionair.com\\\/en\\\/#\\\/schema\\\/logo\\\/image\\\/\"},\"sameAs\":[\"https:\\\/\\\/www.facebook.com\\\/ClimatisationMontreal\\\/\"]}]}<\/script>\n<!-- \/ Yoast SEO plugin. -->","yoast_head_json":{"title":"Elios EBC -20 - Climatisation Solutionair","description":"High-efficiency wall-mounted heat pump designed for extremely cold climates down to -20\u00b0C. Available from 9,000 to 36,000 BTUs.","robots":{"index":"index","follow":"follow","max-snippet":"max-snippet:-1","max-image-preview":"max-image-preview:large","max-video-preview":"max-video-preview:-1"},"canonical":"https:\/\/www.climatisationsolutionair.com\/en\/produit\/elios-ebc-20\/","og_locale":"en_US","og_type":"article","og_title":"Elios EBC -20 - Climatisation Solutionair","og_description":"High-efficiency wall-mounted heat pump designed for extremely cold climates down to -20\u00b0C. Available from 9,000 to 36,000 BTUs.","og_url":"https:\/\/www.climatisationsolutionair.com\/en\/produit\/elios-ebc-20\/","og_site_name":"Climatisation Solutionair","article_publisher":"https:\/\/www.facebook.com\/ClimatisationMontreal\/","og_image":[{"width":502,"height":521,"url":"https:\/\/www.climatisationsolutionair.com\/wp-content\/uploads\/2026\/02\/Thermopompe-murale-Elios-EBC.png","type":"image\/png"}],"twitter_card":"summary_large_image","twitter_misc":{"Est. reading time":"2 minutes"},"schema":{"@context":"https:\/\/schema.org","@graph":[{"@type":"WebPage","@id":"https:\/\/www.climatisationsolutionair.com\/en\/produit\/elios-ebc-20\/","url":"https:\/\/www.climatisationsolutionair.com\/en\/produit\/elios-ebc-20\/","name":"Elios EBC -20 - Climatisation Solutionair","isPartOf":{"@id":"https:\/\/www.climatisationsolutionair.com\/en\/#website"},"primaryImageOfPage":{"@id":"https:\/\/www.climatisationsolutionair.com\/en\/produit\/elios-ebc-20\/#primaryimage"},"image":{"@id":"https:\/\/www.climatisationsolutionair.com\/en\/produit\/elios-ebc-20\/#primaryimage"},"thumbnailUrl":"https:\/\/www.climatisationsolutionair.com\/wp-content\/uploads\/2026\/02\/Thermopompe-murale-Elios-EBC.png","datePublished":"2026-03-06T19:51:11+00:00","description":"High-efficiency wall-mounted heat pump designed for extremely cold climates down to -20\u00b0C. Available from 9,000 to 36,000 BTUs.","breadcrumb":{"@id":"https:\/\/www.climatisationsolutionair.com\/en\/produit\/elios-ebc-20\/#breadcrumb"},"inLanguage":"en-CA","potentialAction":[{"@type":"ReadAction","target":["https:\/\/www.climatisationsolutionair.com\/en\/produit\/elios-ebc-20\/"]}]},{"@type":"ImageObject","inLanguage":"en-CA","@id":"https:\/\/www.climatisationsolutionair.com\/en\/produit\/elios-ebc-20\/#primaryimage","url":"https:\/\/www.climatisationsolutionair.com\/wp-content\/uploads\/2026\/02\/Thermopompe-murale-Elios-EBC.png","contentUrl":"https:\/\/www.climatisationsolutionair.com\/wp-content\/uploads\/2026\/02\/Thermopompe-murale-Elios-EBC.png","width":502,"height":521,"caption":"Thermopompe murale elios EBC unit\u00e9 int\u00e9rieur et ext\u00e9rieur"},{"@type":"BreadcrumbList","@id":"https:\/\/www.climatisationsolutionair.com\/en\/produit\/elios-ebc-20\/#breadcrumb","itemListElement":[{"@type":"ListItem","position":1,"name":"Accueil","item":"https:\/\/www.climatisationsolutionair.com\/en\/welcome\/"},{"@type":"ListItem","position":2,"name":"Boutique","item":"https:\/\/www.climatisationsolutionair.com\/boutique\/"},{"@type":"ListItem","position":3,"name":"Elios EBC -20"}]},{"@type":"WebSite","@id":"https:\/\/www.climatisationsolutionair.com\/en\/#website","url":"https:\/\/www.climatisationsolutionair.com\/en\/","name":"Climatisation Solutionair","description":"Installation, R\u00e9paration Climatisation &amp; thermopompes.","publisher":{"@id":"https:\/\/www.climatisationsolutionair.com\/en\/#organization"},"alternateName":"Installation & r\u00e9paration Climatisation & Thermopompes","potentialAction":[{"@type":"SearchAction","target":{"@type":"EntryPoint","urlTemplate":"https:\/\/www.climatisationsolutionair.com\/en\/?s={search_term_string}"},"query-input":{"@type":"PropertyValueSpecification","valueRequired":true,"valueName":"search_term_string"}}],"inLanguage":"en-CA"},{"@type":"Organization","@id":"https:\/\/www.climatisationsolutionair.com\/en\/#organization","name":"Climatisation SolutionAir","alternateName":"Installation & r\u00e9paration Climatisation & Thermopompes","url":"https:\/\/www.climatisationsolutionair.com\/en\/","logo":{"@type":"ImageObject","inLanguage":"en-CA","@id":"https:\/\/www.climatisationsolutionair.com\/en\/#\/schema\/logo\/image\/","url":"https:\/\/www.climatisationsolutionair.com\/wp-content\/uploads\/2020\/03\/logo_climatisation_solution-1.png","contentUrl":"https:\/\/www.climatisationsolutionair.com\/wp-content\/uploads\/2020\/03\/logo_climatisation_solution-1.png","width":340,"height":80,"caption":"Climatisation SolutionAir"},"image":{"@id":"https:\/\/www.climatisationsolutionair.com\/en\/#\/schema\/logo\/image\/"},"sameAs":["https:\/\/www.facebook.com\/ClimatisationMontreal\/"]}]}},"_links":{"self":[{"href":"https:\/\/www.climatisationsolutionair.com\/en\/wp-json\/wp\/v2\/product\/28539","targetHints":{"allow":["GET"]}}],"collection":[{"href":"https:\/\/www.climatisationsolutionair.com\/en\/wp-json\/wp\/v2\/product"}],"about":[{"href":"https:\/\/www.climatisationsolutionair.com\/en\/wp-json\/wp\/v2\/types\/product"}],"replies":[{"embeddable":true,"href":"https:\/\/www.climatisationsolutionair.com\/en\/wp-json\/wp\/v2\/comments?post=28539"}],"wp:featuredmedia":[{"embeddable":true,"href":"https:\/\/www.climatisationsolutionair.com\/en\/wp-json\/wp\/v2\/media\/28545"}],"wp:attachment":[{"href":"https:\/\/www.climatisationsolutionair.com\/en\/wp-json\/wp\/v2\/media?parent=28539"}],"wp:term":[{"taxonomy":"product_brand","embeddable":true,"href":"https:\/\/www.climatisationsolutionair.com\/en\/wp-json\/wp\/v2\/product_brand?post=28539"},{"taxonomy":"product_cat","embeddable":true,"href":"https:\/\/www.climatisationsolutionair.com\/en\/wp-json\/wp\/v2\/product_cat?post=28539"},{"taxonomy":"product_tag","embeddable":true,"href":"https:\/\/www.climatisationsolutionair.com\/en\/wp-json\/wp\/v2\/product_tag?post=28539"}],"curies":[{"name":"wp","href":"https:\/\/api.w.org\/{rel}","templated":true}]}}