{"id":28602,"date":"2026-03-06T20:06:41","date_gmt":"2026-03-06T20:06:41","guid":{"rendered":"https:\/\/www.climatisationsolutionair.com\/produit\/elios-36000-btu-central-heat-pump-air-conditioning-heating-30c\/"},"modified":"2026-03-06T20:06:41","modified_gmt":"2026-03-06T20:06:41","slug":"elios-36000-btu-central-heat-pump-air-conditioning-heating-30c","status":"publish","type":"product","link":"https:\/\/www.climatisationsolutionair.com\/en\/produit\/elios-36000-btu-central-heat-pump-air-conditioning-heating-30c\/","title":{"rendered":"Elios 36000 BTU Central Heat Pump \u2013 Air Conditioning Heating -30\u00b0C"},"content":{"rendered":"<h4 data-path-to-node=\"14\"><a href=\"https:\/\/www.climatisationsolutionair.com\/wp-content\/uploads\/woocommerce_uploads\/2026\/03\/Brochure-centrale-technique-client-vdkclf.pdf\">\ud83d\udce5 Download the technical brochure (PDF)<\/a><\/h4>\n<p data-path-to-node=\"15\"><b data-path-to-node=\"15\" data-index-in-node=\"0\">Elios 36000 BTU Central Heat Pump: Superior Air Conditioning and Installation<\/b><\/p>\n<p data-path-to-node=\"16\">The <b data-path-to-node=\"16\" data-index-in-node=\"3\">Elios 36000 BTU Central Heat Pump<\/b> is the ultimate comfort solution, professionally installed by our team of certified experts. Designed for homeowners in Montreal, Laval and the South Shore who require efficient air conditioning via their existing ducts, this 3-ton unit transforms your quality of life. Thanks to its Energy Star V6.1 Cold Climate certification, this system optimizes your Hydro-Qu\u00e9bec consumption while saturating your home with fresh air. By opting for our turnkey installation service for your <b data-path-to-node=\"16\" data-index-in-node=\"561\">Elios 36000 BTU Central Heat Pump<\/b>, you are choosing peace of mind.   <\/p>\n<p data-path-to-node=\"17\"><b data-path-to-node=\"17\" data-index-in-node=\"0\">Elios 36000 BTU Advanced Technology and Central Heat Pump<\/b><\/p>\n<p data-path-to-node=\"18\">This central system uses a variable speed compressor (Inverter) that continuously adjusts its power, ensuring quiet operation and a stable temperature. Although we aim for exceptional central air conditioning for our humid summers, the <b data-path-to-node=\"18\" data-index-in-node=\"267\">Elios 36000 BTU Central Heat Pump<\/b> also offers reliable heating down to -30\u00b0C.  The WiFi module is optionally available via a compatible thermostat for full control. It&#8217;s the smart investment for your home.   <\/p>\n<p data-path-to-node=\"19\"><b data-path-to-node=\"19\" data-index-in-node=\"0\">Moovair reliability and solid warranty<\/b><\/p>\n<p data-path-to-node=\"20\">The Elios brand is part of the renowned Moovair family, ranked number 1 by <a class=\"ng-star-inserted\" href=\"https:\/\/www.protegez-vous.ca\/habitation\/thermopompes\/les-meilleures-marques-de-thermopompes\" target=\"_blank\" rel=\"noopener\" data-hveid=\"0\" data-ved=\"0CAAQ_4QMahgKEwjYuY3kqoWTAxUAAAAAHQAAAAAQggk\">the best heat pump brands<\/a> (Prot\u00e9gez-Vous). We install these robust systems to allow you to claim advantageous <a class=\"ng-star-inserted\" href=\"https:\/\/www.quebec.ca\/habitation-et-logement\" target=\"_blank\" rel=\"noopener\" data-hveid=\"0\" data-ved=\"0CAAQ_4QMahgKEwjYuY3kqoWTAxUAAAAAHQAAAAAQgwk\">government subsidies<\/a> . For maximum protection, note that the <b data-path-to-node=\"20\" data-index-in-node=\"297\">optional 10-year Extended Parts and Labour Warranty is available<\/b>.  <\/p>\n<p data-path-to-node=\"21\"><b data-path-to-node=\"21\" data-index-in-node=\"0\">Call us now at 514-292-7595<\/b><\/p>\n<p data-path-to-node=\"22\">Ready for centralized convenience? Contact our <a class=\"ng-star-inserted\" href=\"https:\/\/www.climatisationsolutionair.com\/en\/contact\/\" target=\"_blank\" rel=\"noopener\" data-hveid=\"0\" data-ved=\"0CAAQ_4QMahgKEwjYuY3kqoWTAxUAAAAAHQAAAAAQhAk\">team of experts<\/a> today for your <a class=\"ng-star-inserted\" href=\"https:\/\/www.climatisationsolutionair.com\/en\/contact\/\" target=\"_blank\" rel=\"noopener\" data-hveid=\"0\" data-ved=\"0CAAQ_4QMahgKEwjYuY3kqoWTAxUAAAAAHQAAAAAQhQk\">quote<\/a>. <\/p>\n<h3 data-path-to-node=\"23\">LIST OF SPECIFICATIONS<\/h3>\n<ul data-path-to-node=\"24\">\n<li>\n<p data-path-to-node=\"24,0,0\"><b data-path-to-node=\"24,0,0\" data-index-in-node=\"0\">Outdoor\/Indoor Model (Blower):<\/b> ESHMB36R2AN1 \/ EAHMA36R4AS1<\/p>\n<\/li>\n<li>\n<p data-path-to-node=\"24,1,0\"><b data-path-to-node=\"24,1,0\" data-index-in-node=\"0\">Rated Capacity (Air Conditioning):<\/b> 36,000 BTU\/h (3 tons)<\/p>\n<\/li>\n<li>\n<p data-path-to-node=\"24,2,0\"><b data-path-to-node=\"24,2,0\" data-index-in-node=\"0\">Minimum Heating Temperature Guarantee: <\/b>  -30 \u00b0C (Central-Elios)<\/p>\n<\/li>\n<li>\n<p data-path-to-node=\"24,3,0\"><b data-path-to-node=\"24,3,0\" data-index-in-node=\"0\">AHRI Number:<\/b> 216618899<\/p>\n<\/li>\n<li>\n<p data-path-to-node=\"24,4,0\"><b data-path-to-node=\"24,4,0\" data-index-in-node=\"0\">Refrigeration Line Diameter (Gas x Liquid):<\/b> 3\/4&#8243; x 3\/8&#8243;<\/p>\n<\/li>\n<li>\n<p data-path-to-node=\"24,5,0\"><b data-path-to-node=\"24,5,0\" data-index-in-node=\"0\">Power Supply (V\/Ph\/Hz and Amperage):<\/b> 208\/230 V \/ 1 Ph \/ 60 Hz, 30 A<\/p>\n<\/li>\n<li>\n<p data-path-to-node=\"24,6,0\"><b data-path-to-node=\"24,6,0\" data-index-in-node=\"0\">Outdoor Unit Dimensions (W x D x H):<\/b> 38.58 x 16.34 x 38.39 in<\/p>\n<\/li>\n<li>\n<p data-path-to-node=\"24,7,0\"><b data-path-to-node=\"24,7,0\" data-index-in-node=\"0\">Indoor Unit (Blower) Dimensions (W x D x H):<\/b> 21.02 x 21.02 x 49.02 in<\/p>\n<\/li>\n<li>\n<p data-path-to-node=\"24,8,0\"><b data-path-to-node=\"24,8,0\" data-index-in-node=\"0\">Residential Warranty:<\/b> 1 Year Parts \/ 5 Years Compressor (Optional 10 Year Warranty Available)<\/p>\n<\/li>\n<li>\n<p data-path-to-node=\"24,9,0\"><b data-path-to-node=\"24,9,0\" data-index-in-node=\"0\">Connectivity Note:<\/b> WiFi\/Smart Thermostat module is available as an option<\/p>\n<\/li>\n<\/ul>\n<hr data-path-to-node=\"25\">\n<p data-path-to-node=\"26\"><b data-path-to-node=\"26\" data-index-in-node=\"0\">\ud83d\udd27 Emergency Comfort: Repair Service<\/b><\/p>\n<p data-path-to-node=\"27\">Does your central air conditioning no longer provide the desired coolness? No problem. Our qualified technicians offer a quick diagnostic and repair service for all brands of central heat pumps and air conditioners. Whether your system is recent or old, we intervene effectively to restore your interior comfort.   <\/p>\n","protected":false},"excerpt":{"rendered":"<p data-path-to-node=\"11\">Installation by our experts<\/p>\n<ul data-path-to-node=\"12\">\n<li>\n<p data-path-to-node=\"12,0,0\">\u2705 Major Grants: Model eligible for a $3,816 government grant<\/p>\n<\/li>\n<li>\n<p data-path-to-node=\"12,1,0\">\u2744\ufe0f Air Conditioning: 36,000 BTUs (3 Tons) of power for even freshness throughout the home<\/p>\n<\/li>\n<li>\n<p data-path-to-node=\"12,2,0\">\ud83d\udd25 Heating: Cold Climate certified performance down to -30\u00b0C (ESHMB Series)<\/p>\n<\/li>\n<li>\n<p data-path-to-node=\"12,3,0\">\ud83d\udcf1 WiFi: Compatible smart thermostat and optional remote control available<\/p>\n<\/li>\n<li>\n<p data-path-to-node=\"12,4,0\">\ud83c\udf3f Eco-friendly: Runs on the new low-impact R-454B refrigerant<\/p>\n<\/li>\n<\/ul>\n","protected":false},"featured_media":28587,"comment_status":"open","ping_status":"closed","template":"","meta":{"_et_pb_use_builder":"","_et_pb_old_content":"","_et_gb_content_width":"","om_disable_all_campaigns":false,"_monsterinsights_skip_tracking":false,"_monsterinsights_sitenote_active":false,"_monsterinsights_sitenote_note":"","_monsterinsights_sitenote_category":0},"product_brand":[74],"product_cat":[78,111,126,127,108],"product_tag":[],"class_list":{"0":"post-28602","1":"product","2":"type-product","3":"status-publish","4":"has-post-thumbnail","6":"product_brand-elios","7":"product_cat-30c","8":"product_cat-thermopompes-30c","9":"product_cat-thermopompes-centrales","10":"product_cat-fournaises","11":"product_cat-thermopompes","12":"pa_alimentation-electrique-208-230","13":"pa_alimentation-electrique-30a","14":"pa_numero-ahri-193","15":"pa_subvention-admissible-194","17":"first","18":"instock","19":"taxable","20":"shipping-taxable","21":"product-type-simple"},"yoast_head":"<!-- This site is optimized with the Yoast SEO plugin v27.4 - https:\/\/yoast.com\/product\/yoast-seo-wordpress\/ -->\n<title>Elios 36000 BTU Central Heat Pump \u2013 Air Conditioning Heating -30\u00b0C - Climatisation Solutionair<\/title>\n<meta name=\"description\" content=\"Elios 36000 BTU Central Heat Pump installed by our experts. Powerful air conditioning 3 Tons and heating -30\u00b0C. Grant $3,816. Montreal and Rives.\" \/>\n<meta name=\"robots\" content=\"index, follow, max-snippet:-1, max-image-preview:large, max-video-preview:-1\" \/>\n<link rel=\"canonical\" href=\"https:\/\/www.climatisationsolutionair.com\/en\/produit\/elios-36000-btu-central-heat-pump-air-conditioning-heating-30c\/\" \/>\n<meta property=\"og:locale\" content=\"en_US\" \/>\n<meta property=\"og:type\" content=\"article\" \/>\n<meta property=\"og:title\" content=\"Elios 36000 BTU Central Heat Pump \u2013 Air Conditioning Heating -30\u00b0C - Climatisation Solutionair\" \/>\n<meta property=\"og:description\" content=\"Elios 36000 BTU Central Heat Pump installed by our experts. Powerful air conditioning 3 Tons and heating -30\u00b0C. Grant $3,816. Montreal and Rives.\" \/>\n<meta property=\"og:url\" content=\"https:\/\/www.climatisationsolutionair.com\/en\/produit\/elios-36000-btu-central-heat-pump-air-conditioning-heating-30c\/\" \/>\n<meta property=\"og:site_name\" content=\"Climatisation Solutionair\" \/>\n<meta property=\"article:publisher\" content=\"https:\/\/www.facebook.com\/ClimatisationMontreal\/\" \/>\n<meta property=\"og:image\" content=\"https:\/\/www.climatisationsolutionair.com\/wp-content\/uploads\/2026\/03\/Thermopompe-elios-central-36-000-BTU.png\" \/>\n\t<meta property=\"og:image:width\" content=\"430\" \/>\n\t<meta property=\"og:image:height\" content=\"410\" \/>\n\t<meta property=\"og:image:type\" content=\"image\/png\" \/>\n<meta name=\"twitter:card\" content=\"summary_large_image\" \/>\n<meta name=\"twitter:label1\" content=\"Est. reading time\" \/>\n\t<meta name=\"twitter:data1\" content=\"2 minutes\" \/>\n<script type=\"application\/ld+json\" class=\"yoast-schema-graph\">{\"@context\":\"https:\\\/\\\/schema.org\",\"@graph\":[{\"@type\":\"WebPage\",\"@id\":\"https:\\\/\\\/www.climatisationsolutionair.com\\\/en\\\/produit\\\/elios-36000-btu-central-heat-pump-air-conditioning-heating-30c\\\/\",\"url\":\"https:\\\/\\\/www.climatisationsolutionair.com\\\/en\\\/produit\\\/elios-36000-btu-central-heat-pump-air-conditioning-heating-30c\\\/\",\"name\":\"Elios 36000 BTU Central Heat Pump \u2013 Air Conditioning Heating -30\u00b0C - Climatisation Solutionair\",\"isPartOf\":{\"@id\":\"https:\\\/\\\/www.climatisationsolutionair.com\\\/en\\\/#website\"},\"primaryImageOfPage\":{\"@id\":\"https:\\\/\\\/www.climatisationsolutionair.com\\\/en\\\/produit\\\/elios-36000-btu-central-heat-pump-air-conditioning-heating-30c\\\/#primaryimage\"},\"image\":{\"@id\":\"https:\\\/\\\/www.climatisationsolutionair.com\\\/en\\\/produit\\\/elios-36000-btu-central-heat-pump-air-conditioning-heating-30c\\\/#primaryimage\"},\"thumbnailUrl\":\"https:\\\/\\\/www.climatisationsolutionair.com\\\/wp-content\\\/uploads\\\/2026\\\/03\\\/Thermopompe-elios-central-36-000-BTU.png\",\"datePublished\":\"2026-03-06T20:06:41+00:00\",\"description\":\"Elios 36000 BTU Central Heat Pump installed by our experts. Powerful air conditioning 3 Tons and heating -30\u00b0C. Grant $3,816. Montreal and Rives.\",\"breadcrumb\":{\"@id\":\"https:\\\/\\\/www.climatisationsolutionair.com\\\/en\\\/produit\\\/elios-36000-btu-central-heat-pump-air-conditioning-heating-30c\\\/#breadcrumb\"},\"inLanguage\":\"en-CA\",\"potentialAction\":[{\"@type\":\"ReadAction\",\"target\":[\"https:\\\/\\\/www.climatisationsolutionair.com\\\/en\\\/produit\\\/elios-36000-btu-central-heat-pump-air-conditioning-heating-30c\\\/\"]}]},{\"@type\":\"ImageObject\",\"inLanguage\":\"en-CA\",\"@id\":\"https:\\\/\\\/www.climatisationsolutionair.com\\\/en\\\/produit\\\/elios-36000-btu-central-heat-pump-air-conditioning-heating-30c\\\/#primaryimage\",\"url\":\"https:\\\/\\\/www.climatisationsolutionair.com\\\/wp-content\\\/uploads\\\/2026\\\/03\\\/Thermopompe-elios-central-36-000-BTU.png\",\"contentUrl\":\"https:\\\/\\\/www.climatisationsolutionair.com\\\/wp-content\\\/uploads\\\/2026\\\/03\\\/Thermopompe-elios-central-36-000-BTU.png\",\"width\":430,\"height\":410,\"caption\":\"Thermopompe centrale Elios 36000 BTU unit\u00e9s int\u00e9rieure et ext\u00e9rieure\"},{\"@type\":\"BreadcrumbList\",\"@id\":\"https:\\\/\\\/www.climatisationsolutionair.com\\\/en\\\/produit\\\/elios-36000-btu-central-heat-pump-air-conditioning-heating-30c\\\/#breadcrumb\",\"itemListElement\":[{\"@type\":\"ListItem\",\"position\":1,\"name\":\"Accueil\",\"item\":\"https:\\\/\\\/www.climatisationsolutionair.com\\\/en\\\/welcome\\\/\"},{\"@type\":\"ListItem\",\"position\":2,\"name\":\"Boutique\",\"item\":\"https:\\\/\\\/www.climatisationsolutionair.com\\\/boutique\\\/\"},{\"@type\":\"ListItem\",\"position\":3,\"name\":\"Elios 36000 BTU Central Heat Pump \u2013 Air Conditioning Heating -30\u00b0C\"}]},{\"@type\":\"WebSite\",\"@id\":\"https:\\\/\\\/www.climatisationsolutionair.com\\\/en\\\/#website\",\"url\":\"https:\\\/\\\/www.climatisationsolutionair.com\\\/en\\\/\",\"name\":\"Climatisation Solutionair\",\"description\":\"Installation, R\u00e9paration Climatisation &amp; thermopompes.\",\"publisher\":{\"@id\":\"https:\\\/\\\/www.climatisationsolutionair.com\\\/en\\\/#organization\"},\"alternateName\":\"Installation & r\u00e9paration Climatisation & Thermopompes\",\"potentialAction\":[{\"@type\":\"SearchAction\",\"target\":{\"@type\":\"EntryPoint\",\"urlTemplate\":\"https:\\\/\\\/www.climatisationsolutionair.com\\\/en\\\/?s={search_term_string}\"},\"query-input\":{\"@type\":\"PropertyValueSpecification\",\"valueRequired\":true,\"valueName\":\"search_term_string\"}}],\"inLanguage\":\"en-CA\"},{\"@type\":\"Organization\",\"@id\":\"https:\\\/\\\/www.climatisationsolutionair.com\\\/en\\\/#organization\",\"name\":\"Climatisation SolutionAir\",\"alternateName\":\"Installation & r\u00e9paration Climatisation & Thermopompes\",\"url\":\"https:\\\/\\\/www.climatisationsolutionair.com\\\/en\\\/\",\"logo\":{\"@type\":\"ImageObject\",\"inLanguage\":\"en-CA\",\"@id\":\"https:\\\/\\\/www.climatisationsolutionair.com\\\/en\\\/#\\\/schema\\\/logo\\\/image\\\/\",\"url\":\"https:\\\/\\\/www.climatisationsolutionair.com\\\/wp-content\\\/uploads\\\/2020\\\/03\\\/logo_climatisation_solution-1.png\",\"contentUrl\":\"https:\\\/\\\/www.climatisationsolutionair.com\\\/wp-content\\\/uploads\\\/2020\\\/03\\\/logo_climatisation_solution-1.png\",\"width\":340,\"height\":80,\"caption\":\"Climatisation SolutionAir\"},\"image\":{\"@id\":\"https:\\\/\\\/www.climatisationsolutionair.com\\\/en\\\/#\\\/schema\\\/logo\\\/image\\\/\"},\"sameAs\":[\"https:\\\/\\\/www.facebook.com\\\/ClimatisationMontreal\\\/\"]}]}<\/script>\n<!-- \/ Yoast SEO plugin. -->","yoast_head_json":{"title":"Elios 36000 BTU Central Heat Pump \u2013 Air Conditioning Heating -30\u00b0C - Climatisation Solutionair","description":"Elios 36000 BTU Central Heat Pump installed by our experts. Powerful air conditioning 3 Tons and heating -30\u00b0C. Grant $3,816. Montreal and Rives.","robots":{"index":"index","follow":"follow","max-snippet":"max-snippet:-1","max-image-preview":"max-image-preview:large","max-video-preview":"max-video-preview:-1"},"canonical":"https:\/\/www.climatisationsolutionair.com\/en\/produit\/elios-36000-btu-central-heat-pump-air-conditioning-heating-30c\/","og_locale":"en_US","og_type":"article","og_title":"Elios 36000 BTU Central Heat Pump \u2013 Air Conditioning Heating -30\u00b0C - Climatisation Solutionair","og_description":"Elios 36000 BTU Central Heat Pump installed by our experts. Powerful air conditioning 3 Tons and heating -30\u00b0C. Grant $3,816. Montreal and Rives.","og_url":"https:\/\/www.climatisationsolutionair.com\/en\/produit\/elios-36000-btu-central-heat-pump-air-conditioning-heating-30c\/","og_site_name":"Climatisation Solutionair","article_publisher":"https:\/\/www.facebook.com\/ClimatisationMontreal\/","og_image":[{"width":430,"height":410,"url":"https:\/\/www.climatisationsolutionair.com\/wp-content\/uploads\/2026\/03\/Thermopompe-elios-central-36-000-BTU.png","type":"image\/png"}],"twitter_card":"summary_large_image","twitter_misc":{"Est. reading time":"2 minutes"},"schema":{"@context":"https:\/\/schema.org","@graph":[{"@type":"WebPage","@id":"https:\/\/www.climatisationsolutionair.com\/en\/produit\/elios-36000-btu-central-heat-pump-air-conditioning-heating-30c\/","url":"https:\/\/www.climatisationsolutionair.com\/en\/produit\/elios-36000-btu-central-heat-pump-air-conditioning-heating-30c\/","name":"Elios 36000 BTU Central Heat Pump \u2013 Air Conditioning Heating -30\u00b0C - Climatisation Solutionair","isPartOf":{"@id":"https:\/\/www.climatisationsolutionair.com\/en\/#website"},"primaryImageOfPage":{"@id":"https:\/\/www.climatisationsolutionair.com\/en\/produit\/elios-36000-btu-central-heat-pump-air-conditioning-heating-30c\/#primaryimage"},"image":{"@id":"https:\/\/www.climatisationsolutionair.com\/en\/produit\/elios-36000-btu-central-heat-pump-air-conditioning-heating-30c\/#primaryimage"},"thumbnailUrl":"https:\/\/www.climatisationsolutionair.com\/wp-content\/uploads\/2026\/03\/Thermopompe-elios-central-36-000-BTU.png","datePublished":"2026-03-06T20:06:41+00:00","description":"Elios 36000 BTU Central Heat Pump installed by our experts. Powerful air conditioning 3 Tons and heating -30\u00b0C. Grant $3,816. Montreal and Rives.","breadcrumb":{"@id":"https:\/\/www.climatisationsolutionair.com\/en\/produit\/elios-36000-btu-central-heat-pump-air-conditioning-heating-30c\/#breadcrumb"},"inLanguage":"en-CA","potentialAction":[{"@type":"ReadAction","target":["https:\/\/www.climatisationsolutionair.com\/en\/produit\/elios-36000-btu-central-heat-pump-air-conditioning-heating-30c\/"]}]},{"@type":"ImageObject","inLanguage":"en-CA","@id":"https:\/\/www.climatisationsolutionair.com\/en\/produit\/elios-36000-btu-central-heat-pump-air-conditioning-heating-30c\/#primaryimage","url":"https:\/\/www.climatisationsolutionair.com\/wp-content\/uploads\/2026\/03\/Thermopompe-elios-central-36-000-BTU.png","contentUrl":"https:\/\/www.climatisationsolutionair.com\/wp-content\/uploads\/2026\/03\/Thermopompe-elios-central-36-000-BTU.png","width":430,"height":410,"caption":"Thermopompe centrale Elios 36000 BTU unit\u00e9s int\u00e9rieure et ext\u00e9rieure"},{"@type":"BreadcrumbList","@id":"https:\/\/www.climatisationsolutionair.com\/en\/produit\/elios-36000-btu-central-heat-pump-air-conditioning-heating-30c\/#breadcrumb","itemListElement":[{"@type":"ListItem","position":1,"name":"Accueil","item":"https:\/\/www.climatisationsolutionair.com\/en\/welcome\/"},{"@type":"ListItem","position":2,"name":"Boutique","item":"https:\/\/www.climatisationsolutionair.com\/boutique\/"},{"@type":"ListItem","position":3,"name":"Elios 36000 BTU Central Heat Pump \u2013 Air Conditioning Heating -30\u00b0C"}]},{"@type":"WebSite","@id":"https:\/\/www.climatisationsolutionair.com\/en\/#website","url":"https:\/\/www.climatisationsolutionair.com\/en\/","name":"Climatisation Solutionair","description":"Installation, R\u00e9paration Climatisation &amp; thermopompes.","publisher":{"@id":"https:\/\/www.climatisationsolutionair.com\/en\/#organization"},"alternateName":"Installation & r\u00e9paration Climatisation & Thermopompes","potentialAction":[{"@type":"SearchAction","target":{"@type":"EntryPoint","urlTemplate":"https:\/\/www.climatisationsolutionair.com\/en\/?s={search_term_string}"},"query-input":{"@type":"PropertyValueSpecification","valueRequired":true,"valueName":"search_term_string"}}],"inLanguage":"en-CA"},{"@type":"Organization","@id":"https:\/\/www.climatisationsolutionair.com\/en\/#organization","name":"Climatisation SolutionAir","alternateName":"Installation & r\u00e9paration Climatisation & Thermopompes","url":"https:\/\/www.climatisationsolutionair.com\/en\/","logo":{"@type":"ImageObject","inLanguage":"en-CA","@id":"https:\/\/www.climatisationsolutionair.com\/en\/#\/schema\/logo\/image\/","url":"https:\/\/www.climatisationsolutionair.com\/wp-content\/uploads\/2020\/03\/logo_climatisation_solution-1.png","contentUrl":"https:\/\/www.climatisationsolutionair.com\/wp-content\/uploads\/2020\/03\/logo_climatisation_solution-1.png","width":340,"height":80,"caption":"Climatisation SolutionAir"},"image":{"@id":"https:\/\/www.climatisationsolutionair.com\/en\/#\/schema\/logo\/image\/"},"sameAs":["https:\/\/www.facebook.com\/ClimatisationMontreal\/"]}]}},"_links":{"self":[{"href":"https:\/\/www.climatisationsolutionair.com\/en\/wp-json\/wp\/v2\/product\/28602","targetHints":{"allow":["GET"]}}],"collection":[{"href":"https:\/\/www.climatisationsolutionair.com\/en\/wp-json\/wp\/v2\/product"}],"about":[{"href":"https:\/\/www.climatisationsolutionair.com\/en\/wp-json\/wp\/v2\/types\/product"}],"replies":[{"embeddable":true,"href":"https:\/\/www.climatisationsolutionair.com\/en\/wp-json\/wp\/v2\/comments?post=28602"}],"wp:featuredmedia":[{"embeddable":true,"href":"https:\/\/www.climatisationsolutionair.com\/en\/wp-json\/wp\/v2\/media\/28587"}],"wp:attachment":[{"href":"https:\/\/www.climatisationsolutionair.com\/en\/wp-json\/wp\/v2\/media?parent=28602"}],"wp:term":[{"taxonomy":"product_brand","embeddable":true,"href":"https:\/\/www.climatisationsolutionair.com\/en\/wp-json\/wp\/v2\/product_brand?post=28602"},{"taxonomy":"product_cat","embeddable":true,"href":"https:\/\/www.climatisationsolutionair.com\/en\/wp-json\/wp\/v2\/product_cat?post=28602"},{"taxonomy":"product_tag","embeddable":true,"href":"https:\/\/www.climatisationsolutionair.com\/en\/wp-json\/wp\/v2\/product_tag?post=28602"}],"curies":[{"name":"wp","href":"https:\/\/api.w.org\/{rel}","templated":true}]}}